{"id":5473,"date":"2025-04-03T05:37:08","date_gmt":"2025-04-03T02:37:08","guid":{"rendered":"https:\/\/karklessodyba.lt\/?page_id=5473"},"modified":"2025-10-05T17:07:54","modified_gmt":"2025-10-05T14:07:54","slug":"pirtis","status":"publish","type":"page","link":"https:\/\/karklessodyba.lt\/pl\/sauna\/","title":{"rendered":"Sauna"},"content":{"rendered":"<div data-elementor-type=\"wp-page\" data-elementor-id=\"5473\" class=\"elementor elementor-5473\" data-elementor-post-type=\"page\">\n\t\t\t\t\t\t<section class=\"elementor-section elementor-top-section elementor-element elementor-element-50a7bb8 elementor-section-boxed elementor-section-height-default elementor-section-height-default\" data-id=\"50a7bb8\" data-element_type=\"section\" data-e-type=\"section\">\n\t\t\t\t\t\t<div class=\"elementor-container elementor-column-gap-default\">\n\t\t\t\t\t<div class=\"elementor-column elementor-col-100 elementor-top-column elementor-element elementor-element-00655f4\" data-id=\"00655f4\" data-element_type=\"column\" data-e-type=\"column\">\n\t\t\t<div class=\"elementor-widget-wrap elementor-element-populated\">\n\t\t\t\t\t\t<div class=\"elementor-element elementor-element-b945569 elementor-widget elementor-widget-text-editor\" data-id=\"b945569\" data-element_type=\"widget\" data-e-type=\"widget\" data-widget_type=\"text-editor.default\">\n\t\t\t\t<div class=\"elementor-widget-container\">\n\t\t\t\t\t\t\t\t\t<h1>Sauna<\/h1><p>\u0141a\u017ania Karkl\u0117 znajduje si\u0119 zaledwie 900 metr\u00f3w od s\u0142ynnego klifu \"Dutch Cap\".<br \/>Mog\u0105 Pa\u0144stwo zanurzy\u0107 si\u0119 w saunie Karkle i ciep\u0142ej wannie z hydromasa\u017cem. Z sauny mog\u0105 Pa\u0144stwo pobiec nad oddalone o zaledwie 69 metr\u00f3w morze.<\/p><ul><li>Wynajem na godziny lub na noc.<\/li><li>Na parterze znajduje si\u0119 salon dla maksymalnie 12 os\u00f3b, sauna opalana drewnem, prysznic i toaleta.<\/li><li>Na drugim pi\u0119trze domu z saun\u0105 znajduj\u0105 si\u0119 2 apartamenty dla 3 i 6 os\u00f3b.<\/li><li>Oddzielne apartamenty dost\u0119pne s\u0105 za dodatkow\u0105 op\u0142at\u0105.<\/li><li>W ka\u017cdym apartamencie znajduje si\u0119 po\u015bciel, \u0142azienka i aneks kuchenny.<\/li><li>Obok sauny znajduje si\u0119 wanna z hydromasa\u017cem, boisko do koszyk\u00f3wki, sprz\u0119t do grillowania i zadaszony parking.<\/li><\/ul><p>Saun\u0119 mo\u017cna zarezerwowa\u0107 dla dw\u00f3ch os\u00f3b lub grupy przyjaci\u00f3\u0142.<\/p><h2>Ceny<\/h2><p><span class=\"price\">Minimalny czas wynajmu wynosz\u0105cy 3 godziny to 50 \u20ac.<\/span><br \/>Sobotnie wieczory - 100 \u20ac (5-6 godzin).<br \/>Nast\u0119pna godzina - 15 \u20ac.<\/p><p>*Ceny mog\u0105 si\u0119 r\u00f3\u017cni\u0107 w dni wolne od pracy.<\/p><p><span class=\"price\">Wynajem wanny z hydromasa\u017cem na wiecz\u00f3r - 80 \u20ac.<\/span><\/p><p><span class=\"price\">\u0141a\u017ania z 2 apartamentami na noc:<\/span><\/p><ul><li>Bez wanny z hydromasa\u017cem (np. 17:00 - 12:00) - 240 \u20ac.<\/li><li>Z wann\u0105 z hydromasa\u017cem - 300 \u20ac\/noc.<\/li><\/ul><p>Mog\u0105 Pa\u0144stwo r\u00f3wnie\u017c zarezerwowa\u0107 samodzielny apartament z wszelkimi udogodnieniami.<\/p><h2>Godziny otwarcia<\/h2><p>Sauna jest czynna od pa\u017adziernika do kwietnia.<\/p><p>Ceny obowi\u0105zuj\u0105 do 30 kwietnia 2026 r.<\/p><h2>Dla os\u00f3b pragn\u0105cych prywatno\u015bci dost\u0119pne s\u0105 apartamenty:<\/h2><ul><li>Dla dw\u00f3ch os\u00f3b - 35 \u20ac.<\/li><li>Wyko\u0144czenia - 40 \u20ac.<\/li><li>Dla 4 os\u00f3b - 45 \u20ac.<\/li><\/ul><p>Zwierz\u0119ta s\u0105 mile widziane. 1 zwierz\u0119 - 10 \u20ac\/noc.<\/p>\t\t\t\t\t\t\t\t<\/div>\n\t\t\t\t<\/div>\n\t\t\t\t\t<\/div>\n\t\t<\/div>\n\t\t\t\t\t<\/div>\n\t\t<\/section>\n\t\t\t\t<section class=\"elementor-section elementor-top-section elementor-element elementor-element-56de079 elementor-section-boxed elementor-section-height-default elementor-section-height-default\" data-id=\"56de079\" data-element_type=\"section\" data-e-type=\"section\">\n\t\t\t\t\t\t<div class=\"elementor-container elementor-column-gap-default\">\n\t\t\t\t\t<div class=\"elementor-column elementor-col-100 elementor-top-column elementor-element elementor-element-94dcf89\" data-id=\"94dcf89\" data-element_type=\"column\" data-e-type=\"column\">\n\t\t\t<div class=\"elementor-widget-wrap elementor-element-populated\">\n\t\t\t\t\t\t<div class=\"elementor-element elementor-element-d1a6c18 elementor-widget elementor-widget-gallery\" data-id=\"d1a6c18\" data-element_type=\"widget\" data-e-type=\"widget\" data-settings=\"{&quot;gap&quot;:{&quot;unit&quot;:&quot;px&quot;,&quot;size&quot;:3,&quot;sizes&quot;:[]},&quot;lazyload&quot;:&quot;yes&quot;,&quot;gallery_layout&quot;:&quot;grid&quot;,&quot;columns&quot;:4,&quot;columns_tablet&quot;:2,&quot;columns_mobile&quot;:1,&quot;gap_tablet&quot;:{&quot;unit&quot;:&quot;px&quot;,&quot;size&quot;:10,&quot;sizes&quot;:[]},&quot;gap_mobile&quot;:{&quot;unit&quot;:&quot;px&quot;,&quot;size&quot;:10,&quot;sizes&quot;:[]},&quot;link_to&quot;:&quot;file&quot;,&quot;aspect_ratio&quot;:&quot;3:2&quot;,&quot;overlay_background&quot;:&quot;yes&quot;,&quot;content_hover_animation&quot;:&quot;fade-in&quot;}\" data-widget_type=\"gallery.default\">\n\t\t\t\t<div class=\"elementor-widget-container\">\n\t\t\t\t\t\t\t<div class=\"elementor-gallery__container\">\r\n\t\t\t\t\t\t\t<a class=\"e-gallery-item elementor-gallery-item elementor-animated-content\" href=\"https:\/\/karklessodyba.lt\/wp-content\/uploads\/2019\/10\/45.jpg\" data-elementor-open-lightbox=\"yes\" data-elementor-lightbox-slideshow=\"d1a6c18\" data-elementor-lightbox-title=\"45\" data-e-action-hash=\"#elementor-action%3Aaction%3Dlightbox%26settings%3DeyJpZCI6NDY1NCwidXJsIjoiaHR0cHM6XC9cL2thcmtsZXNzb2R5YmEubHRcL3dwLWNvbnRlbnRcL3VwbG9hZHNcLzIwMTlcLzEwXC80NS5qcGciLCJzbGlkZXNob3ciOiJkMWE2YzE4In0%3D\">\r\n\t\t\t\t\t<div class=\"e-gallery-image elementor-gallery-item__image\" data-thumbnail=\"https:\/\/karklessodyba.lt\/wp-content\/uploads\/2019\/10\/45-768x513.jpg\" data-width=\"640\" data-height=\"428\" aria-label=\"\" role=\"img\" ><\/div>\r\n\t\t\t\t\t\t\t\t\t\t\t<div class=\"elementor-gallery-item__overlay\"><\/div>\r\n\t\t\t\t\t\t\t\t\t\t\t\t\t\t<\/a>\r\n\t\t\t\t\t\t\t<a class=\"e-gallery-item elementor-gallery-item elementor-animated-content\" href=\"https:\/\/karklessodyba.lt\/wp-content\/uploads\/2025\/10\/IMG_20250413_144038-scaled.jpg\" data-elementor-open-lightbox=\"yes\" data-elementor-lightbox-slideshow=\"d1a6c18\" data-elementor-lightbox-title=\"IMG_20250413_144038\" data-e-action-hash=\"#elementor-action%3Aaction%3Dlightbox%26settings%3DeyJpZCI6NTY2NCwidXJsIjoiaHR0cHM6XC9cL2thcmtsZXNzb2R5YmEubHRcL3dwLWNvbnRlbnRcL3VwbG9hZHNcLzIwMjVcLzEwXC9JTUdfMjAyNTA0MTNfMTQ0MDM4LXNjYWxlZC5qcGciLCJzbGlkZXNob3ciOiJkMWE2YzE4In0%3D\">\r\n\t\t\t\t\t<div class=\"e-gallery-image elementor-gallery-item__image\" data-thumbnail=\"https:\/\/karklessodyba.lt\/wp-content\/uploads\/2025\/10\/IMG_20250413_144038-768x576.jpg\" data-width=\"640\" data-height=\"480\" aria-label=\"\" role=\"img\" ><\/div>\r\n\t\t\t\t\t\t\t\t\t\t\t<div class=\"elementor-gallery-item__overlay\"><\/div>\r\n\t\t\t\t\t\t\t\t\t\t\t\t\t\t<\/a>\r\n\t\t\t\t\t\t\t<a class=\"e-gallery-item elementor-gallery-item elementor-animated-content\" href=\"https:\/\/karklessodyba.lt\/wp-content\/uploads\/2024\/04\/67801216.jpg\" data-elementor-open-lightbox=\"yes\" data-elementor-lightbox-slideshow=\"d1a6c18\" data-elementor-lightbox-title=\"67801216\" data-e-action-hash=\"#elementor-action%3Aaction%3Dlightbox%26settings%3DeyJpZCI6NTM5NSwidXJsIjoiaHR0cHM6XC9cL2thcmtsZXNzb2R5YmEubHRcL3dwLWNvbnRlbnRcL3VwbG9hZHNcLzIwMjRcLzA0XC82NzgwMTIxNi5qcGciLCJzbGlkZXNob3ciOiJkMWE2YzE4In0%3D\">\r\n\t\t\t\t\t<div class=\"e-gallery-image elementor-gallery-item__image\" data-thumbnail=\"https:\/\/karklessodyba.lt\/wp-content\/uploads\/2024\/04\/67801216-768x513.jpg\" data-width=\"640\" data-height=\"428\" aria-label=\"\" role=\"img\" ><\/div>\r\n\t\t\t\t\t\t\t\t\t\t\t<div class=\"elementor-gallery-item__overlay\"><\/div>\r\n\t\t\t\t\t\t\t\t\t\t\t\t\t\t<\/a>\r\n\t\t\t\t\t\t\t<a class=\"e-gallery-item elementor-gallery-item elementor-animated-content\" href=\"https:\/\/karklessodyba.lt\/wp-content\/uploads\/2019\/10\/90.jpg\" data-elementor-open-lightbox=\"yes\" data-elementor-lightbox-slideshow=\"d1a6c18\" data-elementor-lightbox-title=\"90\" data-e-action-hash=\"#elementor-action%3Aaction%3Dlightbox%26settings%3DeyJpZCI6NDY1OSwidXJsIjoiaHR0cHM6XC9cL2thcmtsZXNzb2R5YmEubHRcL3dwLWNvbnRlbnRcL3VwbG9hZHNcLzIwMTlcLzEwXC85MC5qcGciLCJzbGlkZXNob3ciOiJkMWE2YzE4In0%3D\">\r\n\t\t\t\t\t<div class=\"e-gallery-image elementor-gallery-item__image\" data-thumbnail=\"https:\/\/karklessodyba.lt\/wp-content\/uploads\/2019\/10\/90-768x513.jpg\" data-width=\"640\" data-height=\"428\" aria-label=\"\" role=\"img\" ><\/div>\r\n\t\t\t\t\t\t\t\t\t\t\t<div class=\"elementor-gallery-item__overlay\"><\/div>\r\n\t\t\t\t\t\t\t\t\t\t\t\t\t\t<\/a>\r\n\t\t\t\t\t<\/div>\r\n\t\t\t\t\t<\/div>\n\t\t\t\t<\/div>\n\t\t\t\t\t<\/div>\n\t\t<\/div>\n\t\t\t\t\t<\/div>\n\t\t<\/section>\n\t\t\t\t<section class=\"elementor-section elementor-top-section elementor-element elementor-element-d2c4ff8 elementor-section-boxed elementor-section-height-default elementor-section-height-default\" data-id=\"d2c4ff8\" data-element_type=\"section\" data-e-type=\"section\">\n\t\t\t\t\t\t<div class=\"elementor-container elementor-column-gap-default\">\n\t\t\t\t\t<div class=\"elementor-column elementor-col-100 elementor-top-column elementor-element elementor-element-590fc88\" data-id=\"590fc88\" data-element_type=\"column\" data-e-type=\"column\">\n\t\t\t<div class=\"elementor-widget-wrap elementor-element-populated\">\n\t\t\t\t\t\t<div class=\"elementor-element elementor-element-3b1ac7f elementor-widget elementor-widget-text-editor\" data-id=\"3b1ac7f\" data-element_type=\"widget\" data-e-type=\"widget\" data-widget_type=\"text-editor.default\">\n\t\t\t\t<div class=\"elementor-widget-container\">\n\t\t\t\t\t\t\t\t\t<h2>Sala balowa<\/h2>\nNa rocznice, \u015bwi\u0119ta i inne uroczysto\u015bci oferujemy Pa\u0144stwu sal\u0119 bankietow\u0105 (do 30 os\u00f3b) z cateringiem lub bez, \u0142a\u017ani\u0119 parow\u0105 i wann\u0119 z hydromasa\u017cem. Zakwaterowanie w pokojach z wszelkimi udogodnieniami. Dost\u0119pne s\u0105 pokoje z widokiem na morze.\t\t\t\t\t\t\t\t<\/div>\n\t\t\t\t<\/div>\n\t\t\t\t\t<\/div>\n\t\t<\/div>\n\t\t\t\t\t<\/div>\n\t\t<\/section>\n\t\t\t\t<\/div>","protected":false},"excerpt":{"rendered":"<p>Sauna<br \/>\nSauna Karkle znajduje si\u0119 zaledwie 900 metr\u00f3w od s\u0142ynnego klifu \"Dutch Hat\". Mog\u0105 Pa\u0144stwo zanurzy\u0107 si\u0119 w saunie Karkle i ciep\u0142ej wannie z hydromasa\u017cem. Z sauny mog\u0105 Pa\u0144stwo pobiec nad morze, oddalone o zaledwie 69 metr\u00f3w.<\/p>\n<p>Wynajem na godziny lub na noc.<br \/>\nNa parterze znajduje si\u0119 salon dla maksymalnie 12 os\u00f3b, sauna opalana drewnem, prysznic i toaleta.<br \/>\n2 apartamenty na drugim pi\u0119trze \u0142a\u017ani <\/p>","protected":false},"author":1,"featured_media":0,"parent":0,"menu_order":0,"comment_status":"closed","ping_status":"closed","template":"","meta":{"footnotes":""},"yst_prominent_words":[],"class_list":["post-5473","page","type-page","status-publish","hentry"],"_links":{"self":[{"href":"https:\/\/karklessodyba.lt\/pl\/wp-json\/wp\/v2\/pages\/5473","targetHints":{"allow":["GET"]}}],"collection":[{"href":"https:\/\/karklessodyba.lt\/pl\/wp-json\/wp\/v2\/pages"}],"about":[{"href":"https:\/\/karklessodyba.lt\/pl\/wp-json\/wp\/v2\/types\/page"}],"author":[{"embeddable":true,"href":"https:\/\/karklessodyba.lt\/pl\/wp-json\/wp\/v2\/users\/1"}],"replies":[{"embeddable":true,"href":"https:\/\/karklessodyba.lt\/pl\/wp-json\/wp\/v2\/comments?post=5473"}],"version-history":[{"count":22,"href":"https:\/\/karklessodyba.lt\/pl\/wp-json\/wp\/v2\/pages\/5473\/revisions"}],"predecessor-version":[{"id":5673,"href":"https:\/\/karklessodyba.lt\/pl\/wp-json\/wp\/v2\/pages\/5473\/revisions\/5673"}],"wp:attachment":[{"href":"https:\/\/karklessodyba.lt\/pl\/wp-json\/wp\/v2\/media?parent=5473"}],"wp:term":[{"taxonomy":"yst_prominent_words","embeddable":true,"href":"https:\/\/karklessodyba.lt\/pl\/wp-json\/wp\/v2\/yst_prominent_words?post=5473"}],"curies":[{"name":"wp","href":"https:\/\/api.w.org\/{rel}","templated":true}]}}