{"id":2963,"date":"2019-05-25T06:37:15","date_gmt":"2019-05-25T06:37:15","guid":{"rendered":"http:\/\/sailing.thimpress.com\/elementor08\/?page_id=2963"},"modified":"2025-10-05T16:53:18","modified_gmt":"2025-10-05T13:53:18","slug":"apie-mus","status":"publish","type":"page","link":"https:\/\/karklessodyba.lt\/pl\/o-nas\/","title":{"rendered":"O nas"},"content":{"rendered":"<div data-elementor-type=\"wp-post\" data-elementor-id=\"2963\" class=\"elementor elementor-2963\" data-elementor-post-type=\"page\">\n\t\t\t\t\t\t<section class=\"elementor-section elementor-top-section elementor-element elementor-element-df28050 elementor-section-full_width elementor-section-height-default elementor-section-height-default\" data-id=\"df28050\" data-element_type=\"section\" data-e-type=\"section\">\n\t\t\t\t\t\t<div class=\"elementor-container elementor-column-gap-default\">\n\t\t\t\t\t<div class=\"elementor-column elementor-col-100 elementor-top-column elementor-element elementor-element-c6c8e17\" data-id=\"c6c8e17\" data-element_type=\"column\" data-e-type=\"column\">\n\t\t\t<div class=\"elementor-widget-wrap elementor-element-populated\">\n\t\t\t\t\t\t<div class=\"elementor-element elementor-element-41b910b elementor-widget elementor-widget-thim-icon-box\" data-id=\"41b910b\" data-element_type=\"widget\" data-e-type=\"widget\" data-widget_type=\"thim-icon-box.default\">\n\t\t\t\t<div class=\"elementor-widget-container\">\n\t\t\t\t\t<div class=\"inner-box auto-hidden\"><div  class=\"wrapper-box-icon text-center   wrapper-line-heading\" ><div class=\"smicon-box iconbox-top\"><div class=\"boxes-icon\" style=\"width: 100px;\"><span class=\"inner-icon\"><span class=\"icon\"><i class=\"fa fa-home\" style=\" font-size:50px; line-height:50px; vertical-align: middle;\"><\/i><\/span><\/span><\/div><div class=\"content-inner\" ><div class=\"desc-icon-box\"><div style=\"color: #000000;font-size: 16px;font-weight: normal;line-height: 23px;\">Obiekt Karkle Beach Apartments po\u0142o\u017cony jest 69 metr\u00f3w od pla\u017cy Karkle i 900 metr\u00f3w od klifu Dutch Cap, jednego z najcz\u0119\u015bciej odwiedzanych miejsc turystycznych na Litwie.<\/div><\/div><\/div><\/div><!--end smicon-box--><\/div><\/div><style>\n\t.smicon-read:hover{\n\t\tcolor: !important;\n\t\tbackground: !important;\n\t}\n\t.smicon-box .boxes-icon:hover{\n\t\tcolor: !important;\n\t\tborder-color: !important;\n\t\tbackground-color:  !important;\n\t}\n\t.smicon-box .boxes-icon:hover .icon i{\n\t\tcolor: !important;\n\t}\n<\/style>\t\t\t\t<\/div>\n\t\t\t\t<\/div>\n\t\t\t\t<div class=\"elementor-element elementor-element-2d522a8 elementor-widget elementor-widget-thim-icon-box\" data-id=\"2d522a8\" data-element_type=\"widget\" data-e-type=\"widget\" data-widget_type=\"thim-icon-box.default\">\n\t\t\t\t<div class=\"elementor-widget-container\">\n\t\t\t\t\t<div class=\"inner-box auto-hidden\"><div  class=\"wrapper-box-icon text-center   wrapper-line-heading\" ><div class=\"smicon-box iconbox-top\"><div class=\"boxes-icon\" style=\"width: 100px;\"><span class=\"inner-icon\"><span class=\"icon\"><i class=\"fa fa-bed\" style=\" font-size:50px; line-height:50px; vertical-align: middle;\"><\/i><\/span><\/span><\/div><div class=\"content-inner\" ><div class=\"sc-heading article_heading\"><h3 class = \"heading__primary\" >Udogodnienia w apartamencie:<\/h3><span class=\"line-heading\"><span><\/span><\/span><\/div><div class=\"desc-icon-box\"><div style=\"color: #000000;font-size: 16px;font-weight: normal;line-height: 23px;\"><ul style=\"list-style-type:circle\"><li>Prywatny aneks kuchenny: kuchenka (piekarnik w apartamencie), kuchenka mikrofalowa, czajnik elektryczny, lod\u00f3wka, naczynia kuchenne;<li>Prysznic, pralka, toaleta, r\u0119czniki, suszarka do w\u0142os\u00f3w, papier toaletowy;<li>Szafa, telewizor z dost\u0119pem do serwisu Netflix, telewizja satelitarna;<li>Ogrzewanie pod\u0142ogowe;<li>Meble zewn\u0119trzne;<li>Internet bezprzewodowy.<\/ul><\/div><\/div><\/div><\/div><!--end smicon-box--><\/div><\/div><style>\n\t.smicon-read:hover{\n\t\tcolor: !important;\n\t\tbackground: !important;\n\t}\n\t.smicon-box .boxes-icon:hover{\n\t\tcolor: !important;\n\t\tborder-color: !important;\n\t\tbackground-color:  !important;\n\t}\n\t.smicon-box .boxes-icon:hover .icon i{\n\t\tcolor: !important;\n\t}\n<\/style>\t\t\t\t<\/div>\n\t\t\t\t<\/div>\n\t\t\t\t<div class=\"elementor-element elementor-element-7e3684d elementor-widget elementor-widget-thim-icon-box\" data-id=\"7e3684d\" data-element_type=\"widget\" data-e-type=\"widget\" data-widget_type=\"thim-icon-box.default\">\n\t\t\t\t<div class=\"elementor-widget-container\">\n\t\t\t\t\t<div class=\"inner-box auto-hidden\"><div  class=\"wrapper-box-icon text-center   wrapper-line-heading\" ><div class=\"smicon-box iconbox-top\"><div class=\"boxes-icon\" style=\"width: 100px;\"><span class=\"inner-icon\"><span class=\"icon\"><i class=\"fa fa-bicycle\" style=\" font-size:50px; line-height:50px; vertical-align: middle;\"><\/i><\/span><\/span><\/div><div class=\"content-inner\" ><div class=\"desc-icon-box\"><div style=\"color: #000000;font-size: 16px;font-weight: normal;line-height: 23px;\">Na zewn\u0105trz dost\u0119pny jest bezp\u0142atny tenis sto\u0142owy oraz bezp\u0142atne przeja\u017cd\u017cki rowerowe (od maja do wrze\u015bnia). Do Pa\u0144stwa dyspozycji s\u0105 grille i drewno opa\u0142owe.\nMo\u017cemy zaoferowa\u0107 Pa\u0144stwu gor\u0105c\u0105 saun\u0119 i ciep\u0142\u0105 wann\u0119 z hydromasa\u017cem.<br><br>\n\nLa Siesta, rodzinny restobar, znajduje si\u0119 obok apartament\u00f3w (czynny od 10:30 do 22:00 od maja do wrze\u015bnia).<br><br>\n\nZwierz\u0119ta s\u0105 mile widziane - 10 EUR za noc.<\/div><\/div><\/div><\/div><!--end smicon-box--><\/div><\/div><style>\n\t.smicon-read:hover{\n\t\tcolor: !important;\n\t\tbackground: !important;\n\t}\n\t.smicon-box .boxes-icon:hover{\n\t\tcolor: !important;\n\t\tborder-color: !important;\n\t\tbackground-color:  !important;\n\t}\n\t.smicon-box .boxes-icon:hover .icon i{\n\t\tcolor: !important;\n\t}\n<\/style>\t\t\t\t<\/div>\n\t\t\t\t<\/div>\n\t\t\t\t<div class=\"elementor-element elementor-element-d5bd2c1 elementor-widget elementor-widget-thim-icon-box\" data-id=\"d5bd2c1\" data-element_type=\"widget\" data-e-type=\"widget\" data-widget_type=\"thim-icon-box.default\">\n\t\t\t\t<div class=\"elementor-widget-container\">\n\t\t\t\t\t<div class=\"inner-box auto-hidden\"><div  class=\"wrapper-box-icon text-center   wrapper-line-heading\" ><div class=\"smicon-box iconbox-top\"><div class=\"boxes-icon\" style=\"width: 100px;\"><span class=\"inner-icon\"><span class=\"icon\"><i class=\"fa fa-map-marker\" style=\" font-size:50px; line-height:50px; vertical-align: middle;\"><\/i><\/span><\/span><\/div><div class=\"content-inner\" ><div class=\"sc-heading article_heading\"><h3 class = \"heading__primary\" >Obok naszego gospodarstwa znajduj\u0105 si\u0119: <\/h3><span class=\"line-heading\"><span><\/span><\/span><\/div><div class=\"desc-icon-box\"><div style=\"color: #000000;font-size: 16px;font-weight: normal;line-height: 23px;\"><ul style=\"list-style-type:circle\"><li>kawiarnia,<li>\u015bcie\u017cka rowerowa (100 m),<li>boiska do pi\u0142ki no\u017cnej i koszyk\u00f3wki (50 m),<li>Hodowla koni (2 km),<li>Pole golfowe (6 km).<\/ul><\/div><\/div><\/div><\/div><!--end smicon-box--><\/div><\/div><style>\n\t.smicon-read:hover{\n\t\tcolor: !important;\n\t\tbackground: !important;\n\t}\n\t.smicon-box .boxes-icon:hover{\n\t\tcolor: !important;\n\t\tborder-color: !important;\n\t\tbackground-color:  !important;\n\t}\n\t.smicon-box .boxes-icon:hover .icon i{\n\t\tcolor: !important;\n\t}\n<\/style>\t\t\t\t<\/div>\n\t\t\t\t<\/div>\n\t\t\t\t\t<\/div>\n\t\t<\/div>\n\t\t\t\t\t<\/div>\n\t\t<\/section>\n\t\t\t\t<section class=\"elementor-section elementor-top-section elementor-element elementor-element-260b600 elementor-section-stretched thim-bg-overlay elementor-section-boxed elementor-section-height-default elementor-section-height-default\" data-id=\"260b600\" data-element_type=\"section\" data-e-type=\"section\" data-settings=\"{&quot;stretch_section&quot;:&quot;section-stretched&quot;,&quot;background_background&quot;:&quot;classic&quot;}\">\n\t\t\t\t\t\t<div class=\"elementor-container elementor-column-gap-default\">\n\t\t\t\t\t<div class=\"elementor-column elementor-col-25 elementor-top-column elementor-element elementor-element-50f8be2\" data-id=\"50f8be2\" data-element_type=\"column\" data-e-type=\"column\">\n\t\t\t<div class=\"elementor-widget-wrap elementor-element-populated\">\n\t\t\t\t\t\t<div class=\"elementor-element elementor-element-704b7c0 elementor-widget elementor-widget-thim-counter-box\" data-id=\"704b7c0\" data-element_type=\"widget\" data-e-type=\"widget\" data-widget_type=\"thim-counter-box.default\">\n\t\t\t\t<div class=\"elementor-widget-container\">\n\t\t\t\t\t<div class=\"counter-box\" style=\"color:#ffffff\"><div class=\"counterbox-content\"><div class=\"content-box-percentage\"><span class=\"display-percentage\" data-percentage=\"69\">69<\/span><span class=\"counter-box-content\">Metry do morza<\/span><\/div><\/div><\/div>\t\t\t\t<\/div>\n\t\t\t\t<\/div>\n\t\t\t\t\t<\/div>\n\t\t<\/div>\n\t\t\t\t<div class=\"elementor-column elementor-col-25 elementor-top-column elementor-element elementor-element-ae48291\" data-id=\"ae48291\" data-element_type=\"column\" data-e-type=\"column\">\n\t\t\t<div class=\"elementor-widget-wrap elementor-element-populated\">\n\t\t\t\t\t\t<div class=\"elementor-element elementor-element-1e3c138 elementor-widget elementor-widget-thim-counter-box\" data-id=\"1e3c138\" data-element_type=\"widget\" data-e-type=\"widget\" data-widget_type=\"thim-counter-box.default\">\n\t\t\t\t<div class=\"elementor-widget-container\">\n\t\t\t\t\t<div class=\"counter-box\" style=\"color:#ffffff\"><div class=\"counterbox-content\"><div class=\"content-box-percentage\"><span class=\"display-percentage\" data-percentage=\"500\">500<\/span><span class=\"counter-box-content\">Metry do kawiarni<\/span><\/div><\/div><\/div>\t\t\t\t<\/div>\n\t\t\t\t<\/div>\n\t\t\t\t\t<\/div>\n\t\t<\/div>\n\t\t\t\t<div class=\"elementor-column elementor-col-25 elementor-top-column elementor-element elementor-element-bf6c1a1\" data-id=\"bf6c1a1\" data-element_type=\"column\" data-e-type=\"column\">\n\t\t\t<div class=\"elementor-widget-wrap elementor-element-populated\">\n\t\t\t\t\t\t<div class=\"elementor-element elementor-element-39328d3 elementor-widget elementor-widget-thim-counter-box\" data-id=\"39328d3\" data-element_type=\"widget\" data-e-type=\"widget\" data-widget_type=\"thim-counter-box.default\">\n\t\t\t\t<div class=\"elementor-widget-container\">\n\t\t\t\t\t<div class=\"counter-box\" style=\"color:#ffffff\"><div class=\"counterbox-content\"><div class=\"content-box-percentage\"><span class=\"display-percentage\" data-percentage=\"8\">8<\/span><span class=\"counter-box-content\">Km do K\u0142ajpedy<br> Centrum<\/span><\/div><\/div><\/div>\t\t\t\t<\/div>\n\t\t\t\t<\/div>\n\t\t\t\t\t<\/div>\n\t\t<\/div>\n\t\t\t\t<div class=\"elementor-column elementor-col-25 elementor-top-column elementor-element elementor-element-e3792ac\" data-id=\"e3792ac\" data-element_type=\"column\" data-e-type=\"column\">\n\t\t\t<div class=\"elementor-widget-wrap elementor-element-populated\">\n\t\t\t\t\t\t<div class=\"elementor-element elementor-element-856a7cb elementor-widget elementor-widget-thim-counter-box\" data-id=\"856a7cb\" data-element_type=\"widget\" data-e-type=\"widget\" data-widget_type=\"thim-counter-box.default\">\n\t\t\t\t<div class=\"elementor-widget-container\">\n\t\t\t\t\t<div class=\"counter-box\" style=\"color:#ffffff\"><div class=\"counterbox-content\"><div class=\"content-box-percentage\"><span class=\"display-percentage\" data-percentage=\"14\">14<\/span><span class=\"counter-box-content\">Km do Po\u0142\u0105gi<\/span><\/div><\/div><\/div>\t\t\t\t<\/div>\n\t\t\t\t<\/div>\n\t\t\t\t\t<\/div>\n\t\t<\/div>\n\t\t\t\t\t<\/div>\n\t\t<\/section>\n\t\t\t\t<\/div>","protected":false},"excerpt":{"rendered":"<p>Obiekt Karkle Beach Apartments po\u0142o\u017cony jest 69 metr\u00f3w od pla\u017cy Karkle i 900 metr\u00f3w od klifu Dutch Cap, jednego z najcz\u0119\u015bciej odwiedzanych miejsc turystycznych na Litwie.<\/p>\n<p>\t.smicon-read:hover{<br \/>\n\t\tcolor: !important;<br \/>\n\t\tbackground: !important;<br \/>\n\t}<br \/>\n\t.smicon-box .boxes-icon:hover{<br \/>\n\t\tcolor: !important;<br \/>\n\t\tborder-color: !important;<br \/>\n\t\tbackground-color: !important;<br \/>\n\t}<br \/>\n\t.smicon-box .boxes-icon:hover .icon i{<br \/>\n\t\tcolor: !important;<br \/>\n\t}<\/p>\n<p>Udogodnienia w apartamencie:<br \n<\/p>","protected":false},"author":1,"featured_media":0,"parent":0,"menu_order":0,"comment_status":"closed","ping_status":"closed","template":"","meta":{"footnotes":""},"yst_prominent_words":[],"class_list":["post-2963","page","type-page","status-publish","hentry"],"_links":{"self":[{"href":"https:\/\/karklessodyba.lt\/pl\/wp-json\/wp\/v2\/pages\/2963","targetHints":{"allow":["GET"]}}],"collection":[{"href":"https:\/\/karklessodyba.lt\/pl\/wp-json\/wp\/v2\/pages"}],"about":[{"href":"https:\/\/karklessodyba.lt\/pl\/wp-json\/wp\/v2\/types\/page"}],"author":[{"embeddable":true,"href":"https:\/\/karklessodyba.lt\/pl\/wp-json\/wp\/v2\/users\/1"}],"replies":[{"embeddable":true,"href":"https:\/\/karklessodyba.lt\/pl\/wp-json\/wp\/v2\/comments?post=2963"}],"version-history":[{"count":95,"href":"https:\/\/karklessodyba.lt\/pl\/wp-json\/wp\/v2\/pages\/2963\/revisions"}],"predecessor-version":[{"id":5657,"href":"https:\/\/karklessodyba.lt\/pl\/wp-json\/wp\/v2\/pages\/2963\/revisions\/5657"}],"wp:attachment":[{"href":"https:\/\/karklessodyba.lt\/pl\/wp-json\/wp\/v2\/media?parent=2963"}],"wp:term":[{"taxonomy":"yst_prominent_words","embeddable":true,"href":"https:\/\/karklessodyba.lt\/pl\/wp-json\/wp\/v2\/yst_prominent_words?post=2963"}],"curies":[{"name":"wp","href":"https:\/\/api.w.org\/{rel}","templated":true}]}}