{"id":5473,"date":"2025-04-03T05:37:08","date_gmt":"2025-04-03T02:37:08","guid":{"rendered":"https:\/\/karklessodyba.lt\/?page_id=5473"},"modified":"2025-10-05T17:07:54","modified_gmt":"2025-10-05T14:07:54","slug":"pirtis","status":"publish","type":"page","link":"https:\/\/karklessodyba.lt\/de\/sauna\/","title":{"rendered":"Sauna"},"content":{"rendered":"<div data-elementor-type=\"wp-page\" data-elementor-id=\"5473\" class=\"elementor elementor-5473\" data-elementor-post-type=\"page\">\n\t\t\t\t\t\t<section class=\"elementor-section elementor-top-section elementor-element elementor-element-50a7bb8 elementor-section-boxed elementor-section-height-default elementor-section-height-default\" data-id=\"50a7bb8\" data-element_type=\"section\" data-e-type=\"section\">\n\t\t\t\t\t\t<div class=\"elementor-container elementor-column-gap-default\">\n\t\t\t\t\t<div class=\"elementor-column elementor-col-100 elementor-top-column elementor-element elementor-element-00655f4\" data-id=\"00655f4\" data-element_type=\"column\" data-e-type=\"column\">\n\t\t\t<div class=\"elementor-widget-wrap elementor-element-populated\">\n\t\t\t\t\t\t<div class=\"elementor-element elementor-element-b945569 elementor-widget elementor-widget-text-editor\" data-id=\"b945569\" data-element_type=\"widget\" data-e-type=\"widget\" data-widget_type=\"text-editor.default\">\n\t\t\t\t<div class=\"elementor-widget-container\">\n\t\t\t\t\t\t\t\t\t<h1>Sauna<\/h1><p>Das Badehaus Karkl\u0117 befindet sich nur 900 Meter von der ber\u00fchmten \"Dutch Cap\" Klippe entfernt.<br \/>Nehmen Sie ein Bad in der Karkle-Sauna und im warmen Whirlpool. Von der Sauna aus k\u00f6nnen Sie zum Meer laufen, das nur 69 Meter entfernt ist.<\/p><ul><li>Mieten Sie stundenweise oder \u00fcber Nacht.<\/li><li>Im Erdgeschoss gibt es ein Wohnzimmer f\u00fcr bis zu 12 Personen, eine holzbefeuerte Sauna, eine Dusche und eine Toilette.<\/li><li>Im zweiten Stock des Saunahauses befinden sich 2 Apartments f\u00fcr 3 und 6 Personen.<\/li><li>Separate Apartments sind gegen Aufpreis verf\u00fcgbar.<\/li><li>Jedes Apartment verf\u00fcgt \u00fcber Bettw\u00e4sche, ein Badezimmer und eine K\u00fcchenzeile.<\/li><li>Es gibt einen Whirlpool, einen Basketballplatz, Grillm\u00f6glichkeiten und einen \u00fcberdachten Parkplatz neben der Sauna.<\/li><\/ul><p>Die Sauna kann f\u00fcr zwei Personen oder eine Gruppe von Freunden gebucht werden.<\/p><h2>Preise<\/h2><p><span class=\"price\">Die Mindestmietdauer von 3 Stunden betr\u00e4gt \u20ac 50.<\/span><br \/>Samstagabend - 100 \u20ac (5-6 Stunden).<br \/>N\u00e4chste Stunde - 15 \u20ac.<\/p><p>*Die Preise k\u00f6nnen an Feiertagen variieren.<\/p><p><span class=\"price\">Whirlpool-Miete f\u00fcr den Abend - 80 \u20ac.<\/span><\/p><p><span class=\"price\">Badehaus mit 2 Apartments pro Nacht:<\/span><\/p><ul><li>Ohne Whirlpool (z.B. 17:00 - 12:00) - 240 \u20ac.<\/li><li>Mit Whirlpool - 300 \u20ac\/Nacht.<\/li><\/ul><p>Sie k\u00f6nnen auch ein unabh\u00e4ngiges Apartment mit allen Annehmlichkeiten buchen.<\/p><h2>Die \u00d6ffnungszeiten<\/h2><p>Die Sauna ist von Oktober bis April ge\u00f6ffnet.<\/p><p>Die Preise sind bis zum 30. April 2026 g\u00fcltig.<\/p><h2>F\u00fcr diejenigen, die Privatsph\u00e4re w\u00fcnschen, stehen Appartements zur Verf\u00fcgung:<\/h2><ul><li>F\u00fcr zwei Personen - 35 \u20ac.<\/li><li>Zierleisten - 40 \u20ac.<\/li><li>F\u00fcr 4 Personen - 45 \u20ac.<\/li><\/ul><p>Haustiere sind willkommen. 1 Haustier - 10 \u20ac\/Nacht.<\/p>\t\t\t\t\t\t\t\t<\/div>\n\t\t\t\t<\/div>\n\t\t\t\t\t<\/div>\n\t\t<\/div>\n\t\t\t\t\t<\/div>\n\t\t<\/section>\n\t\t\t\t<section class=\"elementor-section elementor-top-section elementor-element elementor-element-56de079 elementor-section-boxed elementor-section-height-default elementor-section-height-default\" data-id=\"56de079\" data-element_type=\"section\" data-e-type=\"section\">\n\t\t\t\t\t\t<div class=\"elementor-container elementor-column-gap-default\">\n\t\t\t\t\t<div class=\"elementor-column elementor-col-100 elementor-top-column elementor-element elementor-element-94dcf89\" data-id=\"94dcf89\" data-element_type=\"column\" data-e-type=\"column\">\n\t\t\t<div class=\"elementor-widget-wrap elementor-element-populated\">\n\t\t\t\t\t\t<div class=\"elementor-element elementor-element-d1a6c18 elementor-widget elementor-widget-gallery\" data-id=\"d1a6c18\" data-element_type=\"widget\" data-e-type=\"widget\" data-settings=\"{&quot;gap&quot;:{&quot;unit&quot;:&quot;px&quot;,&quot;size&quot;:3,&quot;sizes&quot;:[]},&quot;lazyload&quot;:&quot;yes&quot;,&quot;gallery_layout&quot;:&quot;grid&quot;,&quot;columns&quot;:4,&quot;columns_tablet&quot;:2,&quot;columns_mobile&quot;:1,&quot;gap_tablet&quot;:{&quot;unit&quot;:&quot;px&quot;,&quot;size&quot;:10,&quot;sizes&quot;:[]},&quot;gap_mobile&quot;:{&quot;unit&quot;:&quot;px&quot;,&quot;size&quot;:10,&quot;sizes&quot;:[]},&quot;link_to&quot;:&quot;file&quot;,&quot;aspect_ratio&quot;:&quot;3:2&quot;,&quot;overlay_background&quot;:&quot;yes&quot;,&quot;content_hover_animation&quot;:&quot;fade-in&quot;}\" data-widget_type=\"gallery.default\">\n\t\t\t\t<div class=\"elementor-widget-container\">\n\t\t\t\t\t\t\t<div class=\"elementor-gallery__container\">\r\n\t\t\t\t\t\t\t<a class=\"e-gallery-item elementor-gallery-item elementor-animated-content\" href=\"https:\/\/karklessodyba.lt\/wp-content\/uploads\/2019\/10\/45.jpg\" data-elementor-open-lightbox=\"yes\" data-elementor-lightbox-slideshow=\"d1a6c18\" data-elementor-lightbox-title=\"45\" data-e-action-hash=\"#elementor-action%3Aaction%3Dlightbox%26settings%3DeyJpZCI6NDY1NCwidXJsIjoiaHR0cHM6XC9cL2thcmtsZXNzb2R5YmEubHRcL3dwLWNvbnRlbnRcL3VwbG9hZHNcLzIwMTlcLzEwXC80NS5qcGciLCJzbGlkZXNob3ciOiJkMWE2YzE4In0%3D\">\r\n\t\t\t\t\t<div class=\"e-gallery-image elementor-gallery-item__image\" data-thumbnail=\"https:\/\/karklessodyba.lt\/wp-content\/uploads\/2019\/10\/45-768x513.jpg\" data-width=\"640\" data-height=\"428\" aria-label=\"\" role=\"img\" ><\/div>\r\n\t\t\t\t\t\t\t\t\t\t\t<div class=\"elementor-gallery-item__overlay\"><\/div>\r\n\t\t\t\t\t\t\t\t\t\t\t\t\t\t<\/a>\r\n\t\t\t\t\t\t\t<a class=\"e-gallery-item elementor-gallery-item elementor-animated-content\" href=\"https:\/\/karklessodyba.lt\/wp-content\/uploads\/2025\/10\/IMG_20250413_144038-scaled.jpg\" data-elementor-open-lightbox=\"yes\" data-elementor-lightbox-slideshow=\"d1a6c18\" data-elementor-lightbox-title=\"IMG_20250413_144038\" data-e-action-hash=\"#elementor-action%3Aaction%3Dlightbox%26settings%3DeyJpZCI6NTY2NCwidXJsIjoiaHR0cHM6XC9cL2thcmtsZXNzb2R5YmEubHRcL3dwLWNvbnRlbnRcL3VwbG9hZHNcLzIwMjVcLzEwXC9JTUdfMjAyNTA0MTNfMTQ0MDM4LXNjYWxlZC5qcGciLCJzbGlkZXNob3ciOiJkMWE2YzE4In0%3D\">\r\n\t\t\t\t\t<div class=\"e-gallery-image elementor-gallery-item__image\" data-thumbnail=\"https:\/\/karklessodyba.lt\/wp-content\/uploads\/2025\/10\/IMG_20250413_144038-768x576.jpg\" data-width=\"640\" data-height=\"480\" aria-label=\"\" role=\"img\" ><\/div>\r\n\t\t\t\t\t\t\t\t\t\t\t<div class=\"elementor-gallery-item__overlay\"><\/div>\r\n\t\t\t\t\t\t\t\t\t\t\t\t\t\t<\/a>\r\n\t\t\t\t\t\t\t<a class=\"e-gallery-item elementor-gallery-item elementor-animated-content\" href=\"https:\/\/karklessodyba.lt\/wp-content\/uploads\/2024\/04\/67801216.jpg\" data-elementor-open-lightbox=\"yes\" data-elementor-lightbox-slideshow=\"d1a6c18\" data-elementor-lightbox-title=\"67801216\" data-e-action-hash=\"#elementor-action%3Aaction%3Dlightbox%26settings%3DeyJpZCI6NTM5NSwidXJsIjoiaHR0cHM6XC9cL2thcmtsZXNzb2R5YmEubHRcL3dwLWNvbnRlbnRcL3VwbG9hZHNcLzIwMjRcLzA0XC82NzgwMTIxNi5qcGciLCJzbGlkZXNob3ciOiJkMWE2YzE4In0%3D\">\r\n\t\t\t\t\t<div class=\"e-gallery-image elementor-gallery-item__image\" data-thumbnail=\"https:\/\/karklessodyba.lt\/wp-content\/uploads\/2024\/04\/67801216-768x513.jpg\" data-width=\"640\" data-height=\"428\" aria-label=\"\" role=\"img\" ><\/div>\r\n\t\t\t\t\t\t\t\t\t\t\t<div class=\"elementor-gallery-item__overlay\"><\/div>\r\n\t\t\t\t\t\t\t\t\t\t\t\t\t\t<\/a>\r\n\t\t\t\t\t\t\t<a class=\"e-gallery-item elementor-gallery-item elementor-animated-content\" href=\"https:\/\/karklessodyba.lt\/wp-content\/uploads\/2019\/10\/90.jpg\" data-elementor-open-lightbox=\"yes\" data-elementor-lightbox-slideshow=\"d1a6c18\" data-elementor-lightbox-title=\"90\" data-e-action-hash=\"#elementor-action%3Aaction%3Dlightbox%26settings%3DeyJpZCI6NDY1OSwidXJsIjoiaHR0cHM6XC9cL2thcmtsZXNzb2R5YmEubHRcL3dwLWNvbnRlbnRcL3VwbG9hZHNcLzIwMTlcLzEwXC85MC5qcGciLCJzbGlkZXNob3ciOiJkMWE2YzE4In0%3D\">\r\n\t\t\t\t\t<div class=\"e-gallery-image elementor-gallery-item__image\" data-thumbnail=\"https:\/\/karklessodyba.lt\/wp-content\/uploads\/2019\/10\/90-768x513.jpg\" data-width=\"640\" data-height=\"428\" aria-label=\"\" role=\"img\" ><\/div>\r\n\t\t\t\t\t\t\t\t\t\t\t<div class=\"elementor-gallery-item__overlay\"><\/div>\r\n\t\t\t\t\t\t\t\t\t\t\t\t\t\t<\/a>\r\n\t\t\t\t\t<\/div>\r\n\t\t\t\t\t<\/div>\n\t\t\t\t<\/div>\n\t\t\t\t\t<\/div>\n\t\t<\/div>\n\t\t\t\t\t<\/div>\n\t\t<\/section>\n\t\t\t\t<section class=\"elementor-section elementor-top-section elementor-element elementor-element-d2c4ff8 elementor-section-boxed elementor-section-height-default elementor-section-height-default\" data-id=\"d2c4ff8\" data-element_type=\"section\" data-e-type=\"section\">\n\t\t\t\t\t\t<div class=\"elementor-container elementor-column-gap-default\">\n\t\t\t\t\t<div class=\"elementor-column elementor-col-100 elementor-top-column elementor-element elementor-element-590fc88\" data-id=\"590fc88\" data-element_type=\"column\" data-e-type=\"column\">\n\t\t\t<div class=\"elementor-widget-wrap elementor-element-populated\">\n\t\t\t\t\t\t<div class=\"elementor-element elementor-element-3b1ac7f elementor-widget elementor-widget-text-editor\" data-id=\"3b1ac7f\" data-element_type=\"widget\" data-e-type=\"widget\" data-widget_type=\"text-editor.default\">\n\t\t\t\t<div class=\"elementor-widget-container\">\n\t\t\t\t\t\t\t\t\t<h2>Ballsaal<\/h2>\nF\u00fcr Jubil\u00e4en, Weihnachten und andere Feiern bieten wir einen Bankettsaal (bis zu 30 Personen) mit oder ohne Catering, ein Dampfbad und einen Whirlpool. Unterkunft in Zimmern mit allen Annehmlichkeiten. Zimmer mit Meerblick verf\u00fcgbar.\t\t\t\t\t\t\t\t<\/div>\n\t\t\t\t<\/div>\n\t\t\t\t\t<\/div>\n\t\t<\/div>\n\t\t\t\t\t<\/div>\n\t\t<\/section>\n\t\t\t\t<\/div>","protected":false},"excerpt":{"rendered":"<p>Sauna<br \/>\nDie Karkle-Sauna liegt nur 900 Meter von der ber\u00fchmten Klippe \"Holl\u00e4nderhut\" entfernt, wo Sie in der Karkle-Sauna und im warmen Whirlpool entspannen k\u00f6nnen. Von der Sauna aus k\u00f6nnen Sie zum Meer laufen, das nur 69 Meter entfernt ist.<\/p>\n<p>Mieten Sie stundenweise oder \u00fcber Nacht.<br \/>\nIm Erdgeschoss gibt es ein Wohnzimmer f\u00fcr bis zu 12 Personen, eine holzbefeuerte Sauna, eine Dusche und eine Toilette.<br \/>\n2 Apartments im zweiten Stock des Badehauses <\/p>","protected":false},"author":1,"featured_media":0,"parent":0,"menu_order":0,"comment_status":"closed","ping_status":"closed","template":"","meta":{"footnotes":""},"yst_prominent_words":[],"class_list":["post-5473","page","type-page","status-publish","hentry"],"_links":{"self":[{"href":"https:\/\/karklessodyba.lt\/de\/wp-json\/wp\/v2\/pages\/5473","targetHints":{"allow":["GET"]}}],"collection":[{"href":"https:\/\/karklessodyba.lt\/de\/wp-json\/wp\/v2\/pages"}],"about":[{"href":"https:\/\/karklessodyba.lt\/de\/wp-json\/wp\/v2\/types\/page"}],"author":[{"embeddable":true,"href":"https:\/\/karklessodyba.lt\/de\/wp-json\/wp\/v2\/users\/1"}],"replies":[{"embeddable":true,"href":"https:\/\/karklessodyba.lt\/de\/wp-json\/wp\/v2\/comments?post=5473"}],"version-history":[{"count":22,"href":"https:\/\/karklessodyba.lt\/de\/wp-json\/wp\/v2\/pages\/5473\/revisions"}],"predecessor-version":[{"id":5673,"href":"https:\/\/karklessodyba.lt\/de\/wp-json\/wp\/v2\/pages\/5473\/revisions\/5673"}],"wp:attachment":[{"href":"https:\/\/karklessodyba.lt\/de\/wp-json\/wp\/v2\/media?parent=5473"}],"wp:term":[{"taxonomy":"yst_prominent_words","embeddable":true,"href":"https:\/\/karklessodyba.lt\/de\/wp-json\/wp\/v2\/yst_prominent_words?post=5473"}],"curies":[{"name":"wp","href":"https:\/\/api.w.org\/{rel}","templated":true}]}}