{"id":4432,"date":"2019-09-14T02:09:44","date_gmt":"2019-09-13T23:09:44","guid":{"rendered":"https:\/\/karklessodyba.lt\/?page_id=4432"},"modified":"2024-04-09T21:32:15","modified_gmt":"2024-04-09T18:32:15","slug":"uzklausa","status":"publish","type":"page","link":"https:\/\/karklessodyba.lt\/de\/anhorungen\/","title":{"rendered":"Anfrage"},"content":{"rendered":"<div data-elementor-type=\"wp-post\" data-elementor-id=\"4432\" class=\"elementor elementor-4432\" data-elementor-post-type=\"page\">\n\t\t\t\t\t\t<section class=\"elementor-section elementor-top-section elementor-element elementor-element-6458c00 elementor-section-boxed elementor-section-height-default elementor-section-height-default\" data-id=\"6458c00\" data-element_type=\"section\" data-e-type=\"section\">\n\t\t\t\t\t\t<div class=\"elementor-container elementor-column-gap-default\">\n\t\t\t\t\t<div class=\"elementor-column elementor-col-100 elementor-top-column elementor-element elementor-element-1b635b0\" data-id=\"1b635b0\" data-element_type=\"column\" data-e-type=\"column\">\n\t\t\t<div class=\"elementor-widget-wrap elementor-element-populated\">\n\t\t\t\t\t\t<div class=\"elementor-element elementor-element-0faf2bf elementor-hidden-desktop elementor-hidden-tablet elementor-hidden-mobile elementor-widget elementor-widget-text-editor\" data-id=\"0faf2bf\" data-element_type=\"widget\" data-e-type=\"widget\" data-widget_type=\"text-editor.default\">\n\t\t\t\t<div class=\"elementor-widget-container\">\n\t\t\t\t\t\t\t\t\t<p>*Vorabreservierung f\u00fcr den Sommer (06.10-08.21), mindestens 5 N\u00e4chte. Andere Sommertage - mindestens 4 N\u00e4chte.<\/p>\t\t\t\t\t\t\t\t<\/div>\n\t\t\t\t<\/div>\n\t\t\t\t<div class=\"elementor-element elementor-element-ab2edc9 elementor-widget elementor-widget-text-editor\" data-id=\"ab2edc9\" data-element_type=\"widget\" data-e-type=\"widget\" data-widget_type=\"text-editor.default\">\n\t\t\t\t<div class=\"elementor-widget-container\">\n\t\t\t\t\t\t\t\t\t<p>\n<div class=\"wpcf7 no-js\" id=\"wpcf7-f4431-o1\" lang=\"lt-LT\" dir=\"ltr\" data-wpcf7-id=\"4431\">\n<div class=\"screen-reader-response\"><p role=\"status\" aria-live=\"polite\" aria-atomic=\"true\"><\/p> <ul><\/ul><\/div>\n<form action=\"\/de\/wp-json\/wp\/v2\/pages\/4432#wpcf7-f4431-o1\" method=\"post\" class=\"wpcf7-form init\" aria-label=\"Kontakt-Formular\" novalidate=\"novalidate\" data-status=\"init\" data-trp-original-action=\"\/de\/wp-json\/wp\/v2\/pages\/4432#wpcf7-f4431-o1\">\n<fieldset class=\"hidden-fields-container\"><input type=\"hidden\" name=\"_wpcf7\" value=\"4431\" \/><input type=\"hidden\" name=\"_wpcf7_version\" value=\"6.1.5\" \/><input type=\"hidden\" name=\"_wpcf7_locale\" value=\"lt_LT\" \/><input type=\"hidden\" name=\"_wpcf7_unit_tag\" value=\"wpcf7-f4431-o1\" \/><input type=\"hidden\" name=\"_wpcf7_container_post\" value=\"0\" \/><input type=\"hidden\" name=\"_wpcf7_posted_data_hash\" value=\"\" \/>\n<\/fieldset>\n<p><label> Ihr Name (erforderlich)<br \/>\n<span class=\"wpcf7-form-control-wrap\" data-name=\"your-name\"><input size=\"40\" maxlength=\"400\" class=\"wpcf7-form-control wpcf7-text wpcf7-validates-as-required\" aria-required=\"true\" aria-invalid=\"false\" value=\"\" type=\"text\" name=\"your-name\" \/><\/span> <\/label><label> Ihre E-Mail Adresse (erforderlich)<br \/>\n<span class=\"wpcf7-form-control-wrap\" data-name=\"your-email\"><input size=\"40\" maxlength=\"400\" class=\"wpcf7-form-control wpcf7-email wpcf7-validates-as-required wpcf7-text wpcf7-validates-as-email\" aria-required=\"true\" aria-invalid=\"false\" value=\"\" type=\"email\" name=\"your-email\" \/><\/span> <\/label>\n<\/p>\n<p><label> Telefon<br \/>\n<span class=\"wpcf7-form-control-wrap\" data-name=\"your-phone\"><input size=\"40\" maxlength=\"400\" class=\"wpcf7-form-control wpcf7-tel wpcf7-text wpcf7-validates-as-tel\" aria-invalid=\"false\" value=\"\" type=\"tel\" name=\"your-phone\" \/><\/span> <\/label>\n<\/p>\n<p><label> Anzahl der ankommenden Erwachsenen (erforderlich)<br \/>\n<span class=\"wpcf7-form-control-wrap\" data-name=\"your-people\"><input size=\"40\" maxlength=\"400\" class=\"wpcf7-form-control wpcf7-text wpcf7-validates-as-required\" aria-required=\"true\" aria-invalid=\"false\" value=\"\" type=\"text\" name=\"your-people\" \/><\/span> <\/label><label> Anzahl und Alter der ankommenden Kinder<br \/>\n<span class=\"wpcf7-form-control-wrap\" data-name=\"your-kids\"><input size=\"40\" maxlength=\"400\" class=\"wpcf7-form-control wpcf7-text\" aria-invalid=\"false\" value=\"\" type=\"text\" name=\"your-kids\" \/><\/span> <\/label>\n<\/p>\n<p><label> Tiere<br \/>\n<span class=\"wpcf7-form-control-wrap\" data-name=\"your-pets\"><input size=\"40\" maxlength=\"400\" class=\"wpcf7-form-control wpcf7-text\" aria-invalid=\"false\" value=\"\" type=\"text\" name=\"your-pets\" \/><\/span> <\/label>\n<\/p>\n<p><label> Datum der Ankunft (erforderlich)<br \/>\n<span class=\"wpcf7-form-control-wrap\" data-name=\"your-arrival\"><input class=\"wpcf7-form-control wpcf7-date wpcf7-validates-as-required wpcf7-validates-as-date\" aria-required=\"true\" aria-invalid=\"false\" value=\"\" type=\"date\" name=\"your-arrival\" \/><\/span> <\/label><label> Abreisedatum (erforderlich)<br \/>\n<span class=\"wpcf7-form-control-wrap\" data-name=\"your-departure\"><input class=\"wpcf7-form-control wpcf7-date wpcf7-validates-as-required wpcf7-validates-as-date\" aria-required=\"true\" aria-invalid=\"false\" value=\"\" type=\"date\" name=\"your-departure\" \/><\/span> <\/label>\n<\/p>\n<p><label> Ihre Nachricht, Fragen<br \/>\n<span class=\"wpcf7-form-control-wrap\" data-name=\"your-message\"><textarea cols=\"40\" rows=\"10\" maxlength=\"2000\" class=\"wpcf7-form-control wpcf7-textarea\" aria-invalid=\"false\" name=\"your-message\"><\/textarea><\/span> <\/label>\n<\/p>\n<p><input class=\"wpcf7-form-control wpcf7-submit has-spinner\" type=\"submit\" value=\"Kontakt\" \/>\n<\/p><div class=\"wpcf7-response-output\" aria-hidden=\"true\"><\/div>\n<input type=\"hidden\" name=\"trp-form-language\" value=\"de\"\/><\/form>\n<\/div>\n<\/p>\t\t\t\t\t\t\t\t<\/div>\n\t\t\t\t<\/div>\n\t\t\t\t\t<\/div>\n\t\t<\/div>\n\t\t\t\t\t<\/div>\n\t\t<\/section>\n\t\t\t\t<\/div>","protected":false},"excerpt":{"rendered":"<p>*Vorabreservierung f\u00fcr den Sommer (06.10-08.21), mindestens 5 N\u00e4chte. Andere Sommertage - mindestens 4 N\u00e4chte.<\/p>","protected":false},"author":1,"featured_media":0,"parent":0,"menu_order":0,"comment_status":"closed","ping_status":"closed","template":"","meta":{"footnotes":""},"yst_prominent_words":[],"class_list":["post-4432","page","type-page","status-publish","hentry"],"_links":{"self":[{"href":"https:\/\/karklessodyba.lt\/de\/wp-json\/wp\/v2\/pages\/4432","targetHints":{"allow":["GET"]}}],"collection":[{"href":"https:\/\/karklessodyba.lt\/de\/wp-json\/wp\/v2\/pages"}],"about":[{"href":"https:\/\/karklessodyba.lt\/de\/wp-json\/wp\/v2\/types\/page"}],"author":[{"embeddable":true,"href":"https:\/\/karklessodyba.lt\/de\/wp-json\/wp\/v2\/users\/1"}],"replies":[{"embeddable":true,"href":"https:\/\/karklessodyba.lt\/de\/wp-json\/wp\/v2\/comments?post=4432"}],"version-history":[{"count":17,"href":"https:\/\/karklessodyba.lt\/de\/wp-json\/wp\/v2\/pages\/4432\/revisions"}],"predecessor-version":[{"id":5394,"href":"https:\/\/karklessodyba.lt\/de\/wp-json\/wp\/v2\/pages\/4432\/revisions\/5394"}],"wp:attachment":[{"href":"https:\/\/karklessodyba.lt\/de\/wp-json\/wp\/v2\/media?parent=4432"}],"wp:term":[{"taxonomy":"yst_prominent_words","embeddable":true,"href":"https:\/\/karklessodyba.lt\/de\/wp-json\/wp\/v2\/yst_prominent_words?post=4432"}],"curies":[{"name":"wp","href":"https:\/\/api.w.org\/{rel}","templated":true}]}}